{"id":3651,"date":"2020-07-24T15:04:58","date_gmt":"2020-07-24T18:04:58","guid":{"rendered":"https:\/\/schoueri.com.br\/en\/?page_id=3651"},"modified":"2021-05-12T09:19:06","modified_gmt":"2021-05-12T12:19:06","slug":"home","status":"publish","type":"page","link":"https:\/\/schoueri.com.br\/en\/","title":{"rendered":"Professor Lu\u00eds Eduardo Schoueri"},"content":{"rendered":"\t\t<div data-elementor-type=\"wp-page\" data-elementor-id=\"3651\" class=\"elementor elementor-3651\">\n\t\t\t\t\t\t<section class=\"elementor-section elementor-top-section elementor-element elementor-element-2a8419b elementor-section-full_width elementor-section-height-default elementor-section-height-default\" data-id=\"2a8419b\" data-element_type=\"section\">\n\t\t\t\t\t\t<div class=\"elementor-container elementor-column-gap-no\">\n\t\t\t\t\t<div class=\"elementor-column elementor-col-100 elementor-top-column elementor-element elementor-element-6b6a082\" data-id=\"6b6a082\" data-element_type=\"column\">\n\t\t\t<div class=\"elementor-widget-wrap elementor-element-populated\">\n\t\t\t\t\t\t<div class=\"elementor-element elementor-element-8c2fbb9 elementor-grid-3 elementor-grid-tablet-2 elementor-grid-mobile-1 elementor-widget elementor-widget-portfolio\" data-id=\"8c2fbb9\" data-element_type=\"widget\" data-settings=\"{&quot;item_ratio&quot;:{&quot;unit&quot;:&quot;px&quot;,&quot;size&quot;:1.399999999999999911182158029987476766109466552734375,&quot;sizes&quot;:[]},&quot;row_gap&quot;:{&quot;unit&quot;:&quot;px&quot;,&quot;size&quot;:20,&quot;sizes&quot;:[]},&quot;columns&quot;:&quot;3&quot;,&quot;columns_tablet&quot;:&quot;2&quot;,&quot;columns_mobile&quot;:&quot;1&quot;,&quot;item_gap&quot;:{&quot;unit&quot;:&quot;px&quot;,&quot;size&quot;:&quot;&quot;,&quot;sizes&quot;:[]}}\" data-widget_type=\"portfolio.default\">\n\t\t\t\t<div class=\"elementor-widget-container\">\n\t\t\t\t\t\t\t<div class=\"elementor-portfolio elementor-grid elementor-posts-container\">\n\t\t\t\t<article class=\"elementor-portfolio-item elementor-post  post-4333 post type-post status-publish format-standard has-post-thumbnail hentry category-books\">\n\t\t\t<a class=\"elementor-post__thumbnail__link\" href=\"https:\/\/schoueri.com.br\/en\/direito-tributario-9a-ed-2019\/\">\n\t\t\t\t<div class=\"elementor-portfolio-item__img elementor-post__thumbnail\">\n\t\t\t<img fetchpriority=\"high\" decoding=\"async\" width=\"538\" height=\"829\" src=\"https:\/\/schoueri.com.br\/en\/wp-content\/uploads\/2020\/09\/direito-tributario.jpg\" class=\"attachment-medium_large size-medium_large wp-image-4334\" alt=\"\" srcset=\"https:\/\/schoueri.com.br\/en\/wp-content\/uploads\/2020\/09\/direito-tributario.jpg 538w, https:\/\/schoueri.com.br\/en\/wp-content\/uploads\/2020\/09\/direito-tributario-195x300.jpg 195w\" sizes=\"(max-width: 538px) 100vw, 538px\" \/>\t\t<\/div>\n\t\t\t\t<div class=\"elementor-portfolio-item__overlay\">\n\t\t\t\t<h2 class=\"elementor-portfolio-item__title\">\n\t\tDireito Tribut\u00e1rio &#8211; 9\u00aa Ed. 2019\t\t<\/h2>\n\t\t\t\t<\/div>\n\t\t\t\t<\/a>\n\t\t<\/article>\n\t\t\t\t<article class=\"elementor-portfolio-item elementor-post  post-4264 post type-post status-publish format-standard has-post-thumbnail hentry category-books\">\n\t\t\t<a class=\"elementor-post__thumbnail__link\" href=\"https:\/\/schoueri.com.br\/en\/agio-em-reorganizacoes-societarias-aspectos-tributarios\/\">\n\t\t\t\t<div class=\"elementor-portfolio-item__img elementor-post__thumbnail\">\n\t\t\t<img decoding=\"async\" width=\"480\" height=\"597\" src=\"https:\/\/schoueri.com.br\/en\/wp-content\/uploads\/2020\/09\/agio.jpg\" class=\"attachment-medium_large size-medium_large wp-image-4301\" alt=\"\" srcset=\"https:\/\/schoueri.com.br\/en\/wp-content\/uploads\/2020\/09\/agio.jpg 480w, https:\/\/schoueri.com.br\/en\/wp-content\/uploads\/2020\/09\/agio-241x300.jpg 241w\" sizes=\"(max-width: 480px) 100vw, 480px\" \/>\t\t<\/div>\n\t\t\t\t<div class=\"elementor-portfolio-item__overlay\">\n\t\t\t\t<h2 class=\"elementor-portfolio-item__title\">\n\t\t\u00c1gio Em Reorganiza\u00e7\u00f5es Societ\u00e1rias &#8211; Aspectos Tribut\u00e1rios\t\t<\/h2>\n\t\t\t\t<\/div>\n\t\t\t\t<\/a>\n\t\t<\/article>\n\t\t\t\t<article class=\"elementor-portfolio-item elementor-post  post-4267 post type-post status-publish format-standard has-post-thumbnail hentry category-books\">\n\t\t\t<a class=\"elementor-post__thumbnail__link\" href=\"https:\/\/schoueri.com.br\/en\/precos-de-transferencia-no-direito-tributario-brasileiro-3a-edicao\/\">\n\t\t\t\t<div class=\"elementor-portfolio-item__img elementor-post__thumbnail\">\n\t\t\t<img decoding=\"async\" width=\"500\" height=\"768\" src=\"https:\/\/schoueri.com.br\/en\/wp-content\/uploads\/2020\/09\/precos.jpg\" class=\"attachment-medium_large size-medium_large wp-image-4326\" alt=\"\" srcset=\"https:\/\/schoueri.com.br\/en\/wp-content\/uploads\/2020\/09\/precos.jpg 500w, https:\/\/schoueri.com.br\/en\/wp-content\/uploads\/2020\/09\/precos-195x300.jpg 195w\" sizes=\"(max-width: 500px) 100vw, 500px\" \/>\t\t<\/div>\n\t\t\t\t<div class=\"elementor-portfolio-item__overlay\">\n\t\t\t\t<h2 class=\"elementor-portfolio-item__title\">\n\t\tPre\u00e7os de Transfer\u00eancia no Direito Tribut\u00e1rio Brasileiro  &#8211; 3\u00aa Edi\u00e7\u00e3o\t\t<\/h2>\n\t\t\t\t<\/div>\n\t\t\t\t<\/a>\n\t\t<\/article>\n\t\t\t\t<\/div>\n\t\t\t\t\t\t<\/div>\n\t\t\t\t<\/div>\n\t\t\t\t\t<\/div>\n\t\t<\/div>\n\t\t\t\t\t<\/div>\n\t\t<\/section>\n\t\t\t\t<\/div>\n\t\t","protected":false},"excerpt":{"rendered":"","protected":false},"author":1,"featured_media":4248,"parent":0,"menu_order":1,"comment_status":"closed","ping_status":"closed","template":"","meta":{"_acf_changed":false,"site-sidebar-layout":"no-sidebar","site-content-layout":"page-builder","ast-global-header-display":"","ast-banner-title-visibility":"","ast-main-header-display":"","ast-hfb-above-header-display":"","ast-hfb-below-header-display":"","ast-hfb-mobile-header-display":"","site-post-title":"disabled","ast-breadcrumbs-content":"","ast-featured-img":"disabled","footer-sml-layout":"","theme-transparent-header-meta":"default","adv-header-id-meta":"","stick-header-meta":"default","header-above-stick-meta":"","header-main-stick-meta":"","header-below-stick-meta":"","footnotes":"","_wp_rev_ctl_limit":""},"class_list":["post-3651","page","type-page","status-publish","has-post-thumbnail","hentry"],"acf":[],"_links":{"self":[{"href":"https:\/\/schoueri.com.br\/en\/wp-json\/wp\/v2\/pages\/3651","targetHints":{"allow":["GET"]}}],"collection":[{"href":"https:\/\/schoueri.com.br\/en\/wp-json\/wp\/v2\/pages"}],"about":[{"href":"https:\/\/schoueri.com.br\/en\/wp-json\/wp\/v2\/types\/page"}],"author":[{"embeddable":true,"href":"https:\/\/schoueri.com.br\/en\/wp-json\/wp\/v2\/users\/1"}],"replies":[{"embeddable":true,"href":"https:\/\/schoueri.com.br\/en\/wp-json\/wp\/v2\/comments?post=3651"}],"version-history":[{"count":0,"href":"https:\/\/schoueri.com.br\/en\/wp-json\/wp\/v2\/pages\/3651\/revisions"}],"wp:featuredmedia":[{"embeddable":true,"href":"https:\/\/schoueri.com.br\/en\/wp-json\/wp\/v2\/media\/4248"}],"wp:attachment":[{"href":"https:\/\/schoueri.com.br\/en\/wp-json\/wp\/v2\/media?parent=3651"}],"curies":[{"name":"wp","href":"https:\/\/api.w.org\/{rel}","templated":true}]}}